{"id":24,"date":"2026-04-13T07:44:20","date_gmt":"2026-04-13T07:44:20","guid":{"rendered":"https:\/\/2026.dimacompetition.ro\/?page_id=24"},"modified":"2026-04-26T21:58:55","modified_gmt":"2026-04-26T18:58:55","slug":"repertoriu","status":"publish","type":"page","link":"https:\/\/www.dimacompetition.ro\/en\/concurs-dirijat\/repertoriu\/","title":{"rendered":"Repertoire"},"content":{"rendered":"\n<p><em><strong>1<\/strong><\/em><sup><em><strong>st<\/strong><\/em><\/sup><em><strong> Round<\/strong><\/em><\/p>\n\n\n\n<p><strong>Repertoire:<\/strong><\/p>\n\n\n\n<p><strong>Compulsory pieces<\/strong><\/p>\n\n\n\n<p>Giaches de Wert: <em>Vezzosi augelli<\/em><\/p>\n\n\n\n<p>The ensembles for this round will be two alternating double quintets, members of Transylvania State Philharmonic Choir<\/p>\n\n\n\n<p><em><strong>2<\/strong><\/em><sup><em><strong>nd<\/strong><\/em><\/sup><em><strong> Round<\/strong><\/em><\/p>\n\n\n\n<p><strong>Repertoire<\/strong>:<\/p>\n\n\n\n<p><strong>Compulsory pieces<\/strong>:<\/p>\n\n\n\n<p>Luca Marenzio&nbsp;: <em>Zefiro torna<\/em><\/p>\n\n\n\n<p>Valentin Timaru: <em>Rug\u0103<\/em><\/p>\n\n\n\n<p><strong>Pieces to be drawn:<\/strong><\/p>\n\n\n\n<ol class=\"wp-block-list\">\n<li>Felicia Donceanu: <em>\u00centre p\u0103s\u0103ri<\/em><\/li>\n\n\n\n<li>Paul Hindemith: <em>6 chansons<\/em> &#8211; n.1&#038; 6, <em>La Biche<\/em> &#038;<em>Verger<\/em><\/li>\n\n\n\n<li>Benjamin Britten\u00a0: <em>Five Flower song<\/em> &#8211; n.5, <em>Ballad of Green Broum<\/em><\/li>\n\n\n\n<li>Francis Poulenc: <em>Un soir de neige &#8211; <\/em>n. 1&#038;2, <em>De grande cuilleurs de neige&#038;La bonne neige<\/em><\/li>\n<\/ol>\n\n\n\n<p>The ensemble for this round will be Transylvania State Philharmonic Choir.<\/p>\n\n\n\n<p><em><strong>Semifinal &#038; Final<\/strong><\/em><\/p>\n\n\n\n<p><strong>Repertoire:<\/strong><\/p>\n\n\n\n<p><strong>Compulsory piece:<\/strong><\/p>\n\n\n\n<p>The piece that is awarded the 1<sup>st<\/sup> Prize in the Composition Section of the Competition<\/p>\n\n\n\n<p><strong>Pieces to be drawn:<\/strong><\/p>\n\n\n\n<ol class=\"wp-block-list\">\n<li>Einojuhani Rautavaara:\u00a0<em>Lorca-Sarja<\/em>, n. 3&#038;4\u00a0<em>La luna&#038;<\/em> <em>Malaguena<\/em>\u00a0<\/li>\n\n\n\n<li>John Taverner &#8211; <em>The lamb<\/em><\/li>\n\n\n\n<li>Jaakko Mantijarvi: <em>Come away, Death<\/em><\/li>\n\n\n\n<li>Benjamin Britten: A.M.D.G \u2013 Prayer II<\/li>\n<\/ol>\n\n\n\n<p>The ensemble for this round will be the Transylvania State Philharmonic Choir.<\/p>\n","protected":false},"excerpt":{"rendered":"<p>1st Round Repertoire: Compulsory pieces Giaches de Wert: Vezzosi augelli The ensembles for this round will be two alternating double quintets, members of Transylvania State Philharmonic Choir 2nd Round Repertoire: Compulsory pieces: Luca Marenzio&nbsp;: Zefiro torna Valentin Timaru: Rug\u0103 Pieces to be drawn: The ensemble for this round will be Transylvania State Philharmonic Choir. Semifinal [&hellip;]<\/p>\n","protected":false},"author":1,"featured_media":0,"parent":16,"menu_order":0,"comment_status":"closed","ping_status":"closed","template":"","meta":{"footnotes":""},"class_list":["post-24","page","type-page","status-publish","hentry"],"_links":{"self":[{"href":"https:\/\/www.dimacompetition.ro\/en\/wp-json\/wp\/v2\/pages\/24","targetHints":{"allow":["GET"]}}],"collection":[{"href":"https:\/\/www.dimacompetition.ro\/en\/wp-json\/wp\/v2\/pages"}],"about":[{"href":"https:\/\/www.dimacompetition.ro\/en\/wp-json\/wp\/v2\/types\/page"}],"author":[{"embeddable":true,"href":"https:\/\/www.dimacompetition.ro\/en\/wp-json\/wp\/v2\/users\/1"}],"replies":[{"embeddable":true,"href":"https:\/\/www.dimacompetition.ro\/en\/wp-json\/wp\/v2\/comments?post=24"}],"version-history":[{"count":4,"href":"https:\/\/www.dimacompetition.ro\/en\/wp-json\/wp\/v2\/pages\/24\/revisions"}],"predecessor-version":[{"id":198,"href":"https:\/\/www.dimacompetition.ro\/en\/wp-json\/wp\/v2\/pages\/24\/revisions\/198"}],"up":[{"embeddable":true,"href":"https:\/\/www.dimacompetition.ro\/en\/wp-json\/wp\/v2\/pages\/16"}],"wp:attachment":[{"href":"https:\/\/www.dimacompetition.ro\/en\/wp-json\/wp\/v2\/media?parent=24"}],"curies":[{"name":"wp","href":"https:\/\/api.w.org\/{rel}","templated":true}]}}