{"id":20,"date":"2026-04-13T07:39:11","date_gmt":"2026-04-13T07:39:11","guid":{"rendered":"https:\/\/2026.dimacompetition.ro\/?page_id=20"},"modified":"2026-04-26T22:03:01","modified_gmt":"2026-04-26T19:03:01","slug":"calendarul-concursului","status":"publish","type":"page","link":"https:\/\/www.dimacompetition.ro\/en\/concurs-dirijat\/calendarul-concursului\/","title":{"rendered":"Calendar of the Competition"},"content":{"rendered":"\n<p><strong>The calendar of the Conducting Competition<\/strong><\/p>\n\n\n\n<p>All events take place in the\u2013 Cornel \u021a\u0103ranu Amp<strong>hitheater at the Gheorghe Dima National Music Academy. The Transylvania State Philharmonic Choir will perform in all stages of the competittion<\/strong><\/p>\n\n\n\n<p><strong>22 October 2026, 7PM<\/strong><\/p>\n\n\n\n<p><strong>Opening Ceremony<\/strong>&nbsp;<\/p>\n\n\n\n<p>The Presentation of the Jury<br>Drawing lots of the entrance in the competition<\/p>\n\n\n\n<p><strong>23 October 2026, <\/strong><strong>2.30PM \u2013 5.00, 5.30 \u2013 8.00PM<\/strong><\/p>\n\n\n\n<p><strong>Round 1<\/strong>&nbsp;\u2013 32 candidates, length of the round: 7 minutes<\/p>\n\n\n\n<p>The ensembles for this round will be two alternating double quintets, members of Transylvania State Philharmonic Choir<\/p>\n\n\n\n<p><strong>Compulsory piece<\/strong><\/p>\n\n\n\n<p>Giaches de Wert: <em>Vezzosi augelli<\/em><\/p>\n\n\n\n<p><br><strong>24 October 2026, <\/strong><strong>9AM- 12PM, 6-9PM<\/strong><\/p>\n\n\n\n<p><strong>Round 2<\/strong>&nbsp;\u2013 16 candidates, length of the round: 16 minutes<\/p>\n\n\n\n<p><strong>Compulsory pieces:<\/strong><\/p>\n\n\n\n<p>Luca Marenzio&nbsp;: <em>Zefiro torna<\/em><\/p>\n\n\n\n<p>Valentin Timaru: <em>Rug\u0103<\/em><\/p>\n\n\n\n<p><strong>Repertoire:<\/strong><\/p>\n\n\n\n<p>Felicia Donceanu: <em>\u00centre p\u0103s\u0103ri<\/em><\/p>\n\n\n\n<p>Paul Hindemith: <em>6 chansons<\/em> &#8211; n.1&#038; 6, <em>La Biche<\/em> &#038;<em>Verger<\/em><\/p>\n\n\n\n<p>Benjamin Britten&nbsp;: <em>Five Flower song<\/em> &#8211; n.5, <em>Ballad of Green Broum<\/em><\/p>\n\n\n\n<p>Francis Poulenc: <em>Un soir de neige &#8211; <\/em>n. 1&#038;2, <em>De grande cuilleurs de neige&#038;La bonne neige<\/em><\/p>\n\n\n\n<p><strong>24 October 2024, 12.30\u2013 6PM<\/strong><\/p>\n\n\n\n<p><strong>Free masterclasses led by the members of the jury<\/strong><\/p>\n\n\n\n<p>Patrick Russill \u2013 Emeritus Head of Choral Conducting, Royal Academy of Music, London<\/p>\n\n\n\n<p>Alois Gla\u00dfner- Head of Choral Conducting University of Music in Vienna,<\/p>\n\n\n\n<p>Nils Schweckendiek -Professor of Choral Conducting at the Sibelius Academy, Helsinki<\/p>\n\n\n\n<p>Jonas Rasmussen&nbsp; Lecturer in classical choral conducting at the Royal Academy of Music Aarhus<\/p>\n\n\n\n<p><strong>25 October 2024, 10.00<\/strong><\/p>\n\n\n\n<p><strong>Semi-final -8 candidates, <\/strong>length of the round<strong>:<\/strong><strong> 20 minutes<\/strong><\/p>\n\n\n\n<p><strong>Compulsory piece:<\/strong><\/p>\n\n\n\n<p>The piece that is awarded the 1<sup>st<\/sup> Prize in the Composition Section of the Competition<\/p>\n\n\n\n<p><strong>Pieces to be drawn:<\/strong><\/p>\n\n\n\n<p><strong>Einojuhani Rautavaara:\u00a0Lorca-Sarja, n. 3&#038;4\u00a0La luna&#038; Malaguena\u00a0<\/strong><\/p>\n\n\n\n<p><strong>John Taverner &#8211; The lamb<\/strong><\/p>\n\n\n\n<p><strong>Jaakko Mantijarvi: Come away, Death<\/strong><\/p>\n\n\n\n<p><strong>Benjamin Britten: A.M.D.G \u2013 Prayer II<\/strong><\/p>\n\n\n\n<p>The ensemble for<br><strong>2<\/strong><strong>5 October 2026, 7PM<\/strong><\/p>\n\n\n\n<p><strong>Final of the competition<\/strong>&nbsp;<\/p>\n\n\n\n<p><strong>Final concert<br>Prize awarding ceremony<\/strong><\/p>\n\n\n\n<p><strong>26 October 2024, 10.00\u2013 17.00<\/strong><\/p>\n\n\n\n<p><strong>Free masterclasses led by the members of the jury<\/strong><\/p>\n\n\n\n<p>Patrick Russill \u2013 Emeritus Head of Choral Conducting, Royal Academy of Music, London<\/p>\n\n\n\n<p>Alois Gla\u00dfner- Head of Choral Conducting University of Music in Vienna,<\/p>\n\n\n\n<p>Nils Schweckendiek -Professor of Choral Conducting at the Sibelius Academy, Helsinki<\/p>\n\n\n\n<p>Jonas Rasmussen&nbsp; Lecturer in classical choral conducting at the Royal Academy of Music Aarhus<\/p>\n","protected":false},"excerpt":{"rendered":"<p>The calendar of the Conducting Competition All events take place in the\u2013 Cornel \u021a\u0103ranu Amphitheater at the Gheorghe Dima National Music Academy. The Transylvania State Philharmonic Choir will perform in all stages of the competittion 22 October 2026, 7PM Opening Ceremony&nbsp; The Presentation of the JuryDrawing lots of the entrance in the competition 23 October [&hellip;]<\/p>\n","protected":false},"author":1,"featured_media":0,"parent":16,"menu_order":0,"comment_status":"closed","ping_status":"closed","template":"","meta":{"footnotes":""},"class_list":["post-20","page","type-page","status-publish","hentry"],"_links":{"self":[{"href":"https:\/\/www.dimacompetition.ro\/en\/wp-json\/wp\/v2\/pages\/20","targetHints":{"allow":["GET"]}}],"collection":[{"href":"https:\/\/www.dimacompetition.ro\/en\/wp-json\/wp\/v2\/pages"}],"about":[{"href":"https:\/\/www.dimacompetition.ro\/en\/wp-json\/wp\/v2\/types\/page"}],"author":[{"embeddable":true,"href":"https:\/\/www.dimacompetition.ro\/en\/wp-json\/wp\/v2\/users\/1"}],"replies":[{"embeddable":true,"href":"https:\/\/www.dimacompetition.ro\/en\/wp-json\/wp\/v2\/comments?post=20"}],"version-history":[{"count":3,"href":"https:\/\/www.dimacompetition.ro\/en\/wp-json\/wp\/v2\/pages\/20\/revisions"}],"predecessor-version":[{"id":200,"href":"https:\/\/www.dimacompetition.ro\/en\/wp-json\/wp\/v2\/pages\/20\/revisions\/200"}],"up":[{"embeddable":true,"href":"https:\/\/www.dimacompetition.ro\/en\/wp-json\/wp\/v2\/pages\/16"}],"wp:attachment":[{"href":"https:\/\/www.dimacompetition.ro\/en\/wp-json\/wp\/v2\/media?parent=20"}],"curies":[{"name":"wp","href":"https:\/\/api.w.org\/{rel}","templated":true}]}}